{"id":17743,"date":"2024-01-27T22:07:22","date_gmt":"2024-01-27T21:07:22","guid":{"rendered":"https:\/\/novagric.com\/documentacion\/"},"modified":"2024-06-07T02:23:49","modified_gmt":"2024-06-07T00:23:49","slug":"documentation","status":"publish","type":"page","link":"https:\/\/novagric.com\/fr\/documentation\/","title":{"rendered":"Documentation"},"content":{"rendered":"<div class=\"fusion-fullwidth fullwidth-box fusion-builder-row-1 fusion-flex-container has-pattern-background has-mask-background nonhundred-percent-fullwidth non-hundred-percent-height-scrolling\" style=\"--awb-border-radius-top-left:0px;--awb-border-radius-top-right:0px;--awb-border-radius-bottom-right:0px;--awb-border-radius-bottom-left:0px;--awb-padding-bottom:50px;--awb-flex-wrap:wrap;\" ><div class=\"fusion-builder-row fusion-row fusion-flex-align-items-flex-start fusion-flex-content-wrap\" style=\"max-width:1248px;margin-left: calc(-4% \/ 2 );margin-right: calc(-4% \/ 2 );\"><div class=\"fusion-layout-column fusion_builder_column fusion-builder-column-0 fusion_builder_column_1_1 1_1 fusion-flex-column fusion-flex-align-self-stretch\" style=\"--awb-padding-top:50px;--awb-padding-bottom:50px;--awb-bg-size:cover;--awb-width-large:100%;--awb-margin-top-large:0px;--awb-spacing-right-large:1.92%;--awb-margin-bottom-large:20px;--awb-spacing-left-large:1.92%;--awb-width-medium:100%;--awb-order-medium:0;--awb-spacing-right-medium:1.92%;--awb-spacing-left-medium:1.92%;--awb-width-small:100%;--awb-order-small:0;--awb-spacing-right-small:1.92%;--awb-spacing-left-small:1.92%;\" data-scroll-devices=\"small-visibility,medium-visibility,large-visibility\"><div class=\"fusion-column-wrapper fusion-column-has-shadow fusion-flex-justify-content-flex-start fusion-content-layout-column\"><div class=\"fusion-builder-row fusion-builder-row-inner fusion-row fusion-flex-align-items-flex-start fusion-flex-content-wrap\" style=\"--awb-flex-grow:0;--awb-flex-grow-medium:0;--awb-flex-grow-small:0;--awb-flex-shrink:0;--awb-flex-shrink-medium:0;--awb-flex-shrink-small:0;width:104% !important;max-width:104% !important;margin-left: calc(-4% \/ 2 );margin-right: calc(-4% \/ 2 );\"><div class=\"fusion-layout-column fusion_builder_column_inner fusion-builder-nested-column-0 fusion_builder_column_inner_1_3 1_3 fusion-flex-column fusion-flex-align-self-stretch\" style=\"--awb-bg-size:cover;--awb-width-large:33.333333333333%;--awb-margin-top-large:0px;--awb-spacing-right-large:5.76%;--awb-margin-bottom-large:20px;--awb-spacing-left-large:5.76%;--awb-width-medium:33.333333333333%;--awb-order-medium:0;--awb-spacing-right-medium:5.76%;--awb-spacing-left-medium:5.76%;--awb-width-small:100%;--awb-order-small:0;--awb-spacing-right-small:1.92%;--awb-spacing-left-small:1.92%;\" data-scroll-devices=\"small-visibility,medium-visibility,large-visibility\"><div class=\"fusion-column-wrapper fusion-column-has-shadow fusion-flex-justify-content-flex-start fusion-content-layout-column\"><div class=\"fusion-title title fusion-title-1 fusion-sep-none fusion-title-text fusion-title-size-two\" style=\"--awb-margin-bottom:56px;--awb-margin-top-small:10px;--awb-margin-right-small:0px;--awb-margin-bottom-small:10px;--awb-margin-left-small:0px;--awb-font-size:24px;\"><h2 class=\"fusion-title-heading title-heading-left\" style=\"font-family:&quot;Poppins&quot;;font-style:normal;font-weight:400;margin:0;font-size:1em;line-height:1.3;\">Certificats de qualit\u00e9<\/h2><\/div><ul style=\"--awb-size:18px;--awb-iconcolor:var(--awb-color5);--awb-line-height:30.6px;--awb-icon-width:30.6px;--awb-icon-height:30.6px;--awb-icon-margin:12.6px;--awb-content-margin:43.2px;\" class=\"fusion-checklist fusion-checklist-1 fusion-checklist-default type-icons listadoventajas\"><li class=\"fusion-li-item\" style=\"\"><span class=\"icon-wrapper circle-no\"><i class=\"fusion-li-icon fa-external-link-alt fas\" aria-hidden=\"true\"><\/i><\/span><div class=\"fusion-li-item-content\"><a href=\"https:\/\/novagric.com\/wp-content\/uploads\/CertificadoER-0952-2000_ES_2023-07-17.pdf\" target=\"_blank\" rel=\"nofollow noopener\">Certificat du Syst\u00e8me de Gestion de la Qualit\u00e9 UNE-EN ISO 9001<\/a><\/div><\/li><li class=\"fusion-li-item\" style=\"\"><span class=\"icon-wrapper circle-no\"><i class=\"fusion-li-icon fa-external-link-alt fas\" aria-hidden=\"true\"><\/i><\/span><div class=\"fusion-li-item-content\">\n<p><a href=\"https:\/\/novagric.com\/wp-content\/uploads\/CertificadoGA-2005-0299_ES_2023-07-17.pdf\" target=\"_blank\" rel=\"nofollow noopener\">Certificat de Syst\u00e8me de Gestion Environnementale UNE-EN ISO 14001<\/a><\/p>\n<\/div><\/li><li class=\"fusion-li-item\" style=\"\"><span class=\"icon-wrapper circle-no\"><i class=\"fusion-li-icon fa-external-link-alt fas\" aria-hidden=\"true\"><\/i><\/span><div class=\"fusion-li-item-content\"><a href=\"https:\/\/novagric.com\/wp-content\/uploads\/DOC_300_Politica-SST-Novagric_Ed.0.pdf\" target=\"_blank\" rel=\"nofollow noopener\">Politique de qualit\u00e9 et d&rsquo;environnement<\/a><\/div><\/li><\/ul><\/div><\/div><div class=\"fusion-layout-column fusion_builder_column_inner fusion-builder-nested-column-1 fusion_builder_column_inner_1_3 1_3 fusion-flex-column fusion-flex-align-self-stretch\" style=\"--awb-bg-size:cover;--awb-width-large:33.333333333333%;--awb-margin-top-large:0px;--awb-spacing-right-large:5.76%;--awb-margin-bottom-large:20px;--awb-spacing-left-large:5.76%;--awb-width-medium:33.333333333333%;--awb-order-medium:0;--awb-spacing-right-medium:5.76%;--awb-spacing-left-medium:5.76%;--awb-width-small:100%;--awb-order-small:0;--awb-spacing-right-small:1.92%;--awb-spacing-left-small:1.92%;\" data-scroll-devices=\"small-visibility,medium-visibility,large-visibility\"><div class=\"fusion-column-wrapper fusion-column-has-shadow fusion-flex-justify-content-flex-start fusion-content-layout-column\"><div class=\"fusion-title title fusion-title-2 fusion-sep-none fusion-title-text fusion-title-size-two\" style=\"--awb-margin-top-small:10px;--awb-margin-right-small:0px;--awb-margin-bottom-small:10px;--awb-margin-left-small:0px;--awb-font-size:24px;\"><h2 class=\"fusion-title-heading title-heading-left\" style=\"font-family:&quot;Poppins&quot;;font-style:normal;font-weight:400;margin:0;font-size:1em;line-height:1.5;\">Responsabilit\u00e9 sociale des entreprises<\/h2><\/div><ul style=\"--awb-size:18px;--awb-iconcolor:var(--awb-color5);--awb-line-height:30.6px;--awb-icon-width:30.6px;--awb-icon-height:30.6px;--awb-icon-margin:12.6px;--awb-content-margin:43.2px;\" class=\"fusion-checklist fusion-checklist-2 fusion-checklist-default type-icons listadoventajas\"><li class=\"fusion-li-item\" style=\"\"><span class=\"icon-wrapper circle-no\"><i class=\"fusion-li-icon fa-external-link-alt fas\" aria-hidden=\"true\"><\/i><\/span><div class=\"fusion-li-item-content\"><a href=\"https:\/\/novagric.com\/wp-content\/uploads\/23_Plan-de-Igualdad-Novedades-Agricolas-S.A.pdf\" target=\"_blank\" rel=\"nofollow noopener\">Plan d&rsquo;\u00e9galit\u00e9<\/a><\/div><\/li><li class=\"fusion-li-item\" style=\"\"><span class=\"icon-wrapper circle-no\"><i class=\"fusion-li-icon fa-external-link-alt fas\" aria-hidden=\"true\"><\/i><\/span><div class=\"fusion-li-item-content\"><a href=\"https:\/\/novagric.com\/wp-content\/uploads\/DOC_300_Politica-SST-Novagric_Ed.0.pdf\" target=\"_blank\" rel=\"nofollow noopener\">Politique de qualit\u00e9 et d&rsquo;environnement<\/a><\/div><\/li><li class=\"fusion-li-item\" style=\"\"><span class=\"icon-wrapper circle-no\"><i class=\"fusion-li-icon fa-external-link-alt fas\" aria-hidden=\"true\"><\/i><\/span><div class=\"fusion-li-item-content\"><a href=\"https:\/\/novagric.com\/wp-content\/uploads\/Protocolo_acosos.pdf\" target=\"_blank\" rel=\"nofollow noopener\">Protocole pour la pr\u00e9vention du harc\u00e8lement sur le lieu de travail<\/a><\/div><\/li><\/ul><\/div><\/div><div class=\"fusion-layout-column fusion_builder_column_inner fusion-builder-nested-column-2 fusion_builder_column_inner_1_3 1_3 fusion-flex-column fusion-flex-align-self-stretch\" style=\"--awb-bg-size:cover;--awb-width-large:33.333333333333%;--awb-margin-top-large:0px;--awb-spacing-right-large:5.76%;--awb-margin-bottom-large:20px;--awb-spacing-left-large:5.76%;--awb-width-medium:33.333333333333%;--awb-order-medium:0;--awb-spacing-right-medium:5.76%;--awb-spacing-left-medium:5.76%;--awb-width-small:100%;--awb-order-small:0;--awb-spacing-right-small:1.92%;--awb-spacing-left-small:1.92%;\" data-scroll-devices=\"small-visibility,medium-visibility,large-visibility\"><div class=\"fusion-column-wrapper fusion-column-has-shadow fusion-flex-justify-content-flex-start fusion-content-layout-column\"><div class=\"fusion-title title fusion-title-3 fusion-sep-none fusion-title-text fusion-title-size-two\" style=\"--awb-margin-top-small:10px;--awb-margin-right-small:0px;--awb-margin-bottom-small:10px;--awb-margin-left-small:0px;--awb-font-size:24px;\"><h2 class=\"fusion-title-heading title-heading-left\" style=\"font-family:&quot;Poppins&quot;;font-style:normal;font-weight:400;margin:0;font-size:1em;line-height:1.3;\">Conditions g\u00e9n\u00e9rales de vente (CGV)<\/h2><\/div><ul style=\"--awb-size:18px;--awb-iconcolor:var(--awb-color5);--awb-line-height:30.6px;--awb-icon-width:30.6px;--awb-icon-height:30.6px;--awb-icon-margin:12.6px;--awb-content-margin:43.2px;\" class=\"fusion-checklist fusion-checklist-3 fusion-checklist-default type-icons listadoventajas\"><li class=\"fusion-li-item\" style=\"\"><span class=\"icon-wrapper circle-no\"><i class=\"fusion-li-icon fa-external-link-alt fas\" aria-hidden=\"true\"><\/i><\/span><div class=\"fusion-li-item-content\"><a href=\"https:\/\/novagric.com\/wp-content\/uploads\/CGVG_Nacional.pdf\" target=\"_blank\" rel=\"nofollow noopener\">Conditions g\u00e9n\u00e9rales de vente &#8211; NATIONAL (Anglais)<\/a><\/div><\/li><li class=\"fusion-li-item\" style=\"\"><span class=\"icon-wrapper circle-no\"><i class=\"fusion-li-icon fa-external-link-alt fas\" aria-hidden=\"true\"><\/i><\/span><div class=\"fusion-li-item-content\"><a href=\"https:\/\/novagric.com\/wp-content\/uploads\/CGVG_Internacional_Espanol.pdf\" target=\"_blank\" rel=\"nofollow noopener\">Conditions g\u00e9n\u00e9rales de vente &#8211; INTERNATIONAL (Anglais)<\/a><\/div><\/li><li class=\"fusion-li-item\" style=\"\"><span class=\"icon-wrapper circle-no\"><i class=\"fusion-li-icon fa-external-link-alt fas\" aria-hidden=\"true\"><\/i><\/span><div class=\"fusion-li-item-content\"><a href=\"https:\/\/novagric.com\/wp-content\/uploads\/CGVG_International_English.pdf\" target=\"_blank\" rel=\"nofollow noopener\">Conditions g\u00e9n\u00e9rales &#8211; INTERNATIONAL (English)<\/a><\/div><\/li><li class=\"fusion-li-item\" style=\"\"><span class=\"icon-wrapper circle-no\"><i class=\"fusion-li-icon fa-external-link-alt fas\" aria-hidden=\"true\"><\/i><\/span><div class=\"fusion-li-item-content\"><a href=\"https:\/\/novagric.com\/wp-content\/uploads\/CGVG_International_Francais.pdf\" target=\"_blank\" rel=\"nofollow noopener\">Termes et Conditions G\u00e9n\u00e9rales de Vente et Garantie &#8211; INTERNATIONAL (Fran\u00e7ais)<\/a><\/div><\/li><li class=\"fusion-li-item\" style=\"\"><span class=\"icon-wrapper circle-no\"><i class=\"fusion-li-icon fa-external-link-alt fas\" aria-hidden=\"true\"><\/i><\/span><div class=\"fusion-li-item-content\"><a href=\"https:\/\/novagric.com\/wp-content\/uploads\/garantias-PLASTICO_ES.pdf\" target=\"_blank\" rel=\"nofollow noopener\">Conditions g\u00e9n\u00e9rales &#8211; INTERNATIONAL (English)<\/a><\/div><\/li><li class=\"fusion-li-item\" style=\"\"><span class=\"icon-wrapper circle-no\"><i class=\"fusion-li-icon fa-external-link-alt fas\" aria-hidden=\"true\"><\/i><\/span><div class=\"fusion-li-item-content\"><a href=\"https:\/\/novagric.com\/wp-content\/uploads\/guarantees-PLASTIC_EN.pdf\" target=\"_blank\" rel=\"nofollow noopener\">Garanties et recommandations &#8211; PLASTIQUE (EN)<\/a><\/div><\/li><\/ul><\/div><\/div><\/div><\/div><\/div><\/div><\/div>\n","protected":false},"excerpt":{"rendered":"","protected":false},"author":4,"featured_media":0,"parent":0,"menu_order":0,"comment_status":"closed","ping_status":"closed","template":"100-width.php","meta":{"_acf_changed":false,"inline_featured_image":false,"footnotes":""},"class_list":["post-17743","page","type-page","status-publish","hentry"],"acf":[],"yoast_head":"<!-- This site is optimized with the Yoast SEO plugin v27.3 - https:\/\/yoast.com\/product\/yoast-seo-wordpress\/ -->\n<title>Documentation | Novagric<\/title>\n<meta name=\"description\" content=\"Acc\u00e9dez \u00e0 toute la documentation n\u00e9cessaire sur nos produits et services. Des informations d\u00e9taill\u00e9es et des ressources utiles \u00e0 votre disposition.\" \/>\n<meta name=\"robots\" content=\"index, follow, max-snippet:-1, max-image-preview:large, max-video-preview:-1\" \/>\n<link rel=\"canonical\" href=\"https:\/\/novagric.com\/fr\/documentation\/\" \/>\n<meta property=\"og:locale\" content=\"fr_FR\" \/>\n<meta property=\"og:type\" content=\"article\" \/>\n<meta property=\"og:title\" content=\"Documentation | Novagric\" \/>\n<meta property=\"og:description\" content=\"Acc\u00e9dez \u00e0 toute la documentation n\u00e9cessaire sur nos produits et services. Des informations d\u00e9taill\u00e9es et des ressources utiles \u00e0 votre disposition.\" \/>\n<meta property=\"og:url\" content=\"https:\/\/novagric.com\/fr\/documentation\/\" \/>\n<meta property=\"og:site_name\" content=\"Novagric\" \/>\n<meta property=\"article:publisher\" content=\"https:\/\/www.facebook.com\/novagric\" \/>\n<meta property=\"article:modified_time\" content=\"2024-06-07T00:23:49+00:00\" \/>\n<meta property=\"og:image\" content=\"https:\/\/novagric.com\/wp-content\/uploads\/novagric-1200-675-1.png\" \/>\n\t<meta property=\"og:image:width\" content=\"1200\" \/>\n\t<meta property=\"og:image:height\" content=\"675\" \/>\n\t<meta property=\"og:image:type\" content=\"image\/png\" \/>\n<meta name=\"twitter:card\" content=\"summary_large_image\" \/>\n<meta name=\"twitter:label1\" content=\"Dur\u00e9e de lecture estim\u00e9e\" \/>\n\t<meta name=\"twitter:data1\" content=\"1 minute\" \/>\n<script type=\"application\/ld+json\" class=\"yoast-schema-graph\">{\"@context\":\"https:\\\/\\\/schema.org\",\"@graph\":[{\"@type\":\"WebPage\",\"@id\":\"https:\\\/\\\/novagric.com\\\/fr\\\/documentation\\\/\",\"url\":\"https:\\\/\\\/novagric.com\\\/fr\\\/documentation\\\/\",\"name\":\"Documentation | Novagric\",\"isPartOf\":{\"@id\":\"https:\\\/\\\/novagric.com\\\/fr\\\/#website\"},\"datePublished\":\"2024-01-27T21:07:22+00:00\",\"dateModified\":\"2024-06-07T00:23:49+00:00\",\"description\":\"Acc\u00e9dez \u00e0 toute la documentation n\u00e9cessaire sur nos produits et services. Des informations d\u00e9taill\u00e9es et des ressources utiles \u00e0 votre disposition.\",\"breadcrumb\":{\"@id\":\"https:\\\/\\\/novagric.com\\\/fr\\\/documentation\\\/#breadcrumb\"},\"inLanguage\":\"fr-FR\",\"potentialAction\":[{\"@type\":\"ReadAction\",\"target\":[\"https:\\\/\\\/novagric.com\\\/fr\\\/documentation\\\/\"]}]},{\"@type\":\"BreadcrumbList\",\"@id\":\"https:\\\/\\\/novagric.com\\\/fr\\\/documentation\\\/#breadcrumb\",\"itemListElement\":[{\"@type\":\"ListItem\",\"position\":1,\"name\":\"Portada\",\"item\":\"https:\\\/\\\/novagric.com\\\/fr\\\/\"},{\"@type\":\"ListItem\",\"position\":2,\"name\":\"Documentation\"}]},{\"@type\":\"WebSite\",\"@id\":\"https:\\\/\\\/novagric.com\\\/fr\\\/#website\",\"url\":\"https:\\\/\\\/novagric.com\\\/fr\\\/\",\"name\":\"Novagric\",\"description\":\"Soluciones y servicios especializados en riego, invernaderos y tecnolog\u00eda agr\u00edcola\",\"publisher\":{\"@id\":\"https:\\\/\\\/novagric.com\\\/fr\\\/#organization\"},\"potentialAction\":[{\"@type\":\"SearchAction\",\"target\":{\"@type\":\"EntryPoint\",\"urlTemplate\":\"https:\\\/\\\/novagric.com\\\/fr\\\/?s={search_term_string}\"},\"query-input\":{\"@type\":\"PropertyValueSpecification\",\"valueRequired\":true,\"valueName\":\"search_term_string\"}}],\"inLanguage\":\"fr-FR\"},{\"@type\":\"Organization\",\"@id\":\"https:\\\/\\\/novagric.com\\\/fr\\\/#organization\",\"name\":\"Novedades Agr\u00edcolas, S.A.\",\"alternateName\":\"Novagric\",\"url\":\"https:\\\/\\\/novagric.com\\\/fr\\\/\",\"logo\":{\"@type\":\"ImageObject\",\"inLanguage\":\"fr-FR\",\"@id\":\"https:\\\/\\\/novagric.com\\\/fr\\\/#\\\/schema\\\/logo\\\/image\\\/\",\"url\":\"https:\\\/\\\/novagric.com\\\/wp-content\\\/uploads\\\/2023\\\/10\\\/icono-novagric-150x150-azul.png\",\"contentUrl\":\"https:\\\/\\\/novagric.com\\\/wp-content\\\/uploads\\\/2023\\\/10\\\/icono-novagric-150x150-azul.png\",\"width\":150,\"height\":150,\"caption\":\"Novedades Agr\u00edcolas, S.A.\"},\"image\":{\"@id\":\"https:\\\/\\\/novagric.com\\\/fr\\\/#\\\/schema\\\/logo\\\/image\\\/\"},\"sameAs\":[\"https:\\\/\\\/www.facebook.com\\\/novagric\"]}]}<\/script>\n<!-- \/ Yoast SEO plugin. -->","yoast_head_json":{"title":"Documentation | Novagric","description":"Acc\u00e9dez \u00e0 toute la documentation n\u00e9cessaire sur nos produits et services. Des informations d\u00e9taill\u00e9es et des ressources utiles \u00e0 votre disposition.","robots":{"index":"index","follow":"follow","max-snippet":"max-snippet:-1","max-image-preview":"max-image-preview:large","max-video-preview":"max-video-preview:-1"},"canonical":"https:\/\/novagric.com\/fr\/documentation\/","og_locale":"fr_FR","og_type":"article","og_title":"Documentation | Novagric","og_description":"Acc\u00e9dez \u00e0 toute la documentation n\u00e9cessaire sur nos produits et services. Des informations d\u00e9taill\u00e9es et des ressources utiles \u00e0 votre disposition.","og_url":"https:\/\/novagric.com\/fr\/documentation\/","og_site_name":"Novagric","article_publisher":"https:\/\/www.facebook.com\/novagric","article_modified_time":"2024-06-07T00:23:49+00:00","og_image":[{"width":1200,"height":675,"url":"https:\/\/novagric.com\/wp-content\/uploads\/novagric-1200-675-1.png","type":"image\/png"}],"twitter_card":"summary_large_image","twitter_misc":{"Dur\u00e9e de lecture estim\u00e9e":"1 minute"},"schema":{"@context":"https:\/\/schema.org","@graph":[{"@type":"WebPage","@id":"https:\/\/novagric.com\/fr\/documentation\/","url":"https:\/\/novagric.com\/fr\/documentation\/","name":"Documentation | Novagric","isPartOf":{"@id":"https:\/\/novagric.com\/fr\/#website"},"datePublished":"2024-01-27T21:07:22+00:00","dateModified":"2024-06-07T00:23:49+00:00","description":"Acc\u00e9dez \u00e0 toute la documentation n\u00e9cessaire sur nos produits et services. Des informations d\u00e9taill\u00e9es et des ressources utiles \u00e0 votre disposition.","breadcrumb":{"@id":"https:\/\/novagric.com\/fr\/documentation\/#breadcrumb"},"inLanguage":"fr-FR","potentialAction":[{"@type":"ReadAction","target":["https:\/\/novagric.com\/fr\/documentation\/"]}]},{"@type":"BreadcrumbList","@id":"https:\/\/novagric.com\/fr\/documentation\/#breadcrumb","itemListElement":[{"@type":"ListItem","position":1,"name":"Portada","item":"https:\/\/novagric.com\/fr\/"},{"@type":"ListItem","position":2,"name":"Documentation"}]},{"@type":"WebSite","@id":"https:\/\/novagric.com\/fr\/#website","url":"https:\/\/novagric.com\/fr\/","name":"Novagric","description":"Soluciones y servicios especializados en riego, invernaderos y tecnolog\u00eda agr\u00edcola","publisher":{"@id":"https:\/\/novagric.com\/fr\/#organization"},"potentialAction":[{"@type":"SearchAction","target":{"@type":"EntryPoint","urlTemplate":"https:\/\/novagric.com\/fr\/?s={search_term_string}"},"query-input":{"@type":"PropertyValueSpecification","valueRequired":true,"valueName":"search_term_string"}}],"inLanguage":"fr-FR"},{"@type":"Organization","@id":"https:\/\/novagric.com\/fr\/#organization","name":"Novedades Agr\u00edcolas, S.A.","alternateName":"Novagric","url":"https:\/\/novagric.com\/fr\/","logo":{"@type":"ImageObject","inLanguage":"fr-FR","@id":"https:\/\/novagric.com\/fr\/#\/schema\/logo\/image\/","url":"https:\/\/novagric.com\/wp-content\/uploads\/2023\/10\/icono-novagric-150x150-azul.png","contentUrl":"https:\/\/novagric.com\/wp-content\/uploads\/2023\/10\/icono-novagric-150x150-azul.png","width":150,"height":150,"caption":"Novedades Agr\u00edcolas, S.A."},"image":{"@id":"https:\/\/novagric.com\/fr\/#\/schema\/logo\/image\/"},"sameAs":["https:\/\/www.facebook.com\/novagric"]}]}},"_links":{"self":[{"href":"https:\/\/novagric.com\/fr\/wp-json\/wp\/v2\/pages\/17743","targetHints":{"allow":["GET"]}}],"collection":[{"href":"https:\/\/novagric.com\/fr\/wp-json\/wp\/v2\/pages"}],"about":[{"href":"https:\/\/novagric.com\/fr\/wp-json\/wp\/v2\/types\/page"}],"author":[{"embeddable":true,"href":"https:\/\/novagric.com\/fr\/wp-json\/wp\/v2\/users\/4"}],"replies":[{"embeddable":true,"href":"https:\/\/novagric.com\/fr\/wp-json\/wp\/v2\/comments?post=17743"}],"version-history":[{"count":3,"href":"https:\/\/novagric.com\/fr\/wp-json\/wp\/v2\/pages\/17743\/revisions"}],"predecessor-version":[{"id":17746,"href":"https:\/\/novagric.com\/fr\/wp-json\/wp\/v2\/pages\/17743\/revisions\/17746"}],"wp:attachment":[{"href":"https:\/\/novagric.com\/fr\/wp-json\/wp\/v2\/media?parent=17743"}],"curies":[{"name":"wp","href":"https:\/\/api.w.org\/{rel}","templated":true}]}}